{"id":182,"date":"2010-02-17T22:54:27","date_gmt":"2010-02-17T22:54:27","guid":{"rendered":"http:\/\/selkorinn.hrolfsskali.net\/?page_id=182"},"modified":"2025-03-30T12:25:41","modified_gmt":"2025-03-30T12:25:41","slug":"kve%c3%b0skapur-korfelaga","status":"publish","type":"page","link":"https:\/\/selkorinn.is\/?page_id=182","title":{"rendered":"Kve\u00f0skapur k\u00f3rf\u00e9laga"},"content":{"rendered":"<div class=\"members-access-error\">\u00deessi s\u00ed\u00f0a er einungis opin k\u00f3rf\u00e9l\u00f6gum.<\/div>\n","protected":false},"excerpt":{"rendered":"<div class=\"members-access-error\">\u00deessi s\u00ed\u00f0a er einungis opin k\u00f3rf\u00e9l\u00f6gum.<\/div>\n","protected":false},"author":59,"featured_media":0,"parent":113,"menu_order":8,"comment_status":"closed","ping_status":"closed","template":"","meta":{"footnotes":""},"class_list":["post-182","page","type-page","status-publish","hentry"],"_links":{"self":[{"href":"https:\/\/selkorinn.is\/index.php?rest_route=\/wp\/v2\/pages\/182","targetHints":{"allow":["GET"]}}],"collection":[{"href":"https:\/\/selkorinn.is\/index.php?rest_route=\/wp\/v2\/pages"}],"about":[{"href":"https:\/\/selkorinn.is\/index.php?rest_route=\/wp\/v2\/types\/page"}],"author":[{"embeddable":true,"href":"https:\/\/selkorinn.is\/index.php?rest_route=\/wp\/v2\/users\/59"}],"replies":[{"embeddable":true,"href":"https:\/\/selkorinn.is\/index.php?rest_route=%2Fwp%2Fv2%2Fcomments&post=182"}],"version-history":[{"count":86,"href":"https:\/\/selkorinn.is\/index.php?rest_route=\/wp\/v2\/pages\/182\/revisions"}],"predecessor-version":[{"id":9712,"href":"https:\/\/selkorinn.is\/index.php?rest_route=\/wp\/v2\/pages\/182\/revisions\/9712"}],"up":[{"embeddable":true,"href":"https:\/\/selkorinn.is\/index.php?rest_route=\/wp\/v2\/pages\/113"}],"wp:attachment":[{"href":"https:\/\/selkorinn.is\/index.php?rest_route=%2Fwp%2Fv2%2Fmedia&parent=182"}],"curies":[{"name":"wp","href":"https:\/\/api.w.org\/{rel}","templated":true}]}}