{"id":8336,"date":"2021-10-29T17:15:06","date_gmt":"2021-10-29T17:15:06","guid":{"rendered":"http:\/\/selkorinn.is\/?page_id=8336"},"modified":"2021-10-29T17:17:34","modified_gmt":"2021-10-29T17:17:34","slug":"notnasafn-selkorsins","status":"publish","type":"page","link":"https:\/\/selkorinn.is\/?page_id=8336","title":{"rendered":"N\u00f3tnasafn selk\u00f3rsins"},"content":{"rendered":"<div class=\"members-access-error\">\u00deessi s\u00ed\u00f0a er einungis opin k\u00f3rf\u00e9l\u00f6gum.<\/div>\n","protected":false},"excerpt":{"rendered":"<div class=\"members-access-error\">\u00deessi s\u00ed\u00f0a er einungis opin k\u00f3rf\u00e9l\u00f6gum.<\/div>\n","protected":false},"author":53,"featured_media":0,"parent":113,"menu_order":0,"comment_status":"closed","ping_status":"closed","template":"page-templates\/real-full-width.php","meta":{"footnotes":""},"class_list":["post-8336","page","type-page","status-publish","hentry"],"_links":{"self":[{"href":"https:\/\/selkorinn.is\/index.php?rest_route=\/wp\/v2\/pages\/8336","targetHints":{"allow":["GET"]}}],"collection":[{"href":"https:\/\/selkorinn.is\/index.php?rest_route=\/wp\/v2\/pages"}],"about":[{"href":"https:\/\/selkorinn.is\/index.php?rest_route=\/wp\/v2\/types\/page"}],"author":[{"embeddable":true,"href":"https:\/\/selkorinn.is\/index.php?rest_route=\/wp\/v2\/users\/53"}],"replies":[{"embeddable":true,"href":"https:\/\/selkorinn.is\/index.php?rest_route=%2Fwp%2Fv2%2Fcomments&post=8336"}],"version-history":[{"count":1,"href":"https:\/\/selkorinn.is\/index.php?rest_route=\/wp\/v2\/pages\/8336\/revisions"}],"predecessor-version":[{"id":8337,"href":"https:\/\/selkorinn.is\/index.php?rest_route=\/wp\/v2\/pages\/8336\/revisions\/8337"}],"up":[{"embeddable":true,"href":"https:\/\/selkorinn.is\/index.php?rest_route=\/wp\/v2\/pages\/113"}],"wp:attachment":[{"href":"https:\/\/selkorinn.is\/index.php?rest_route=%2Fwp%2Fv2%2Fmedia&parent=8336"}],"curies":[{"name":"wp","href":"https:\/\/api.w.org\/{rel}","templated":true}]}}