{"id":8777,"date":"2023-01-31T16:46:18","date_gmt":"2023-01-31T16:46:18","guid":{"rendered":"http:\/\/selkorinn.is\/?page_id=8777"},"modified":"2024-04-11T16:05:38","modified_gmt":"2024-04-11T16:05:38","slug":"songbok-korlog","status":"publish","type":"page","link":"https:\/\/selkorinn.is\/?page_id=8777","title":{"rendered":"\u00ddmis upp\u00e1halds k\u00f3rl\u00f6g"},"content":{"rendered":"\n<p>\u00c1 \u00feessa s\u00ed\u00f0u hefur veri\u00f0 safna\u00f0 nokkrum k\u00f3rl\u00f6gum sem k\u00f3rf\u00e9lagar kunna utana\u00f0 og geta gripi\u00f0 til \u00e1n fyrirvara<\/p>\n\n\n\n<p>(H\u00e9r mun koma pdf \u00fatg\u00e1fa. Hefti me\u00f0 n\u00f3tum.)<\/p>\n\n\n\n<p>(H\u00e9r mun koma pdf \u00fatg\u00e1fa. Hefti sem inniheldur einungis textana.)<\/p>\n\n\n\n<p><\/p>\n\n\n\n\n<table id=\"tablepress-18\" class=\"tablepress tablepress-id-18\">\n<thead>\n<tr class=\"row-1\">\n\t<th class=\"column-1\">Heiti<\/th><th class=\"column-2\">H\u00f6fundur<\/th><th class=\"column-3\">N\u00f3tur og textar<\/th><th class=\"column-4\">\u00ddmislegt<\/th>\n<\/tr>\n<\/thead>\n<tbody class=\"row-striping row-hover\">\n<tr class=\"row-2\">\n\t<td class=\"column-1\">\u00c1 Sprengisandi<\/td><td class=\"column-2\">Sigvaldi Kaldal\u00f3ns,<br \/>\n\u00fats. J\u00f3n \u00c1sgeirsson<\/td><td class=\"column-3\"><a href=\"wp-content\/uploads\/1 Notur\/\u00c1 Sprengisandi - SIB.pdf\">n\u00f3tur<\/a>   <a href=\"wp-content\/uploads\/1 Notur\/\u00c1 Sprengisandi - texti.pdf\">texti<\/a><\/td><td class=\"column-4\"><\/td>\n<\/tr>\n<tr class=\"row-3\">\n\t<td class=\"column-1\">Abbalabbal\u00e1<\/td><td class=\"column-2\">Fri\u00f0rik Bjarnason<\/td><td class=\"column-3\"><a href=\"wp-content\/uploads\/1 Notur\/Abbalabbal\u00e1.pdf\">n\u00f3tur<\/a>  <a href=\"wp-content\/uploads\/1 Notur\/Abbalabbal\u00e1 - texti.pdf\">texti<\/a><\/td><td class=\"column-4\"><\/td>\n<\/tr>\n<tr class=\"row-4\">\n\t<td class=\"column-1\">Det var en l\u00f6rdag aften<\/td><td class=\"column-2\">\u00fats. O.Mortenssen<\/td><td class=\"column-3\"><a href=\"wp-content\/uploads\/1 Notur\/Det var en l\u00f6rdag aften - danskt \u00fej\u00f3\u00f0lag -\u00fats. O.Mortenssen.pdf\">n\u00f3tur<\/a>   <a href=\"wp-content\/uploads\/1 Notur\/Det var en l\u00f6rdag aften - \u00edsl texti.pdf\">texti<\/a><\/td><td class=\"column-4\">danskt \u00fej\u00f3\u00f0lag og \u00fej\u00f3\u00f0v\u00edsa<\/td>\n<\/tr>\n<tr class=\"row-5\">\n\t<td class=\"column-1\">Dona nobis Pacem - Gef oss fri\u00f0<\/td><td class=\"column-2\">\u00f3\u00feekktur<\/td><td class=\"column-3\"><a href=\"wp-content\/uploads\/1 Notur\/Dona nobis Pacem - Gef oss fri\u00f0 - SIB.pdf\">n\u00f3tur<\/a><\/td><td class=\"column-4\"><\/td>\n<\/tr>\n<tr class=\"row-6\">\n\t<td class=\"column-1\">\u00c9g a\u00f0 \u00f6llum h\u00e1ska hl\u00e6<\/td><td class=\"column-2\">\u00fats. Hallgr\u00edmur Helgason<\/td><td class=\"column-3\"><a href=\"wp-content\/uploads\/1 Notur\/\u00c9g a\u00f0 \u00f6llum h\u00e1ska hl\u00e6 - \u00edsl \u00fej\u00f3\u00f0lag - \u00fats. H.Helgason.pdf\">n\u00f3tur<\/a>   <a href=\"wp-content\/uploads\/1 Notur\/\u00c9g a\u00f0 \u00f6llum h\u00e1ska hl\u00e6 - texti.pdf\">texti<\/a><\/td><td class=\"column-4\">\u00edslenskt \u00fej\u00f3\u00f0lag<\/td>\n<\/tr>\n<tr class=\"row-7\">\n\t<td class=\"column-1\">Enn syngur vorn\u00f3ttin<\/td><td class=\"column-2\">Schrader, lj\u00f3\u00f0 T\u00f3mas Gu\u00f0mundsson<\/td><td class=\"column-3\"><a href=\"wp-content\/uploads\/1 Notur\/Enn syngur vorn\u00f3ttin - Schrader.pdf\">n\u00f3tur<\/a><\/td><td class=\"column-4\">\u00edslenskt, bandar\u00edskt<\/td>\n<\/tr>\n<tr class=\"row-8\">\n\t<td class=\"column-1\">H\u00e6ttu a\u00f0 gr\u00e1ta hringan\u00e1<\/td><td class=\"column-2\">\u00fats. Hafli\u00f0i Hallgr\u00edmsson<\/td><td class=\"column-3\"><a href=\"wp-content\/uploads\/1 Notur\/H\u00e6ttu a\u00f0 gr\u00e1ta - \u00fats. H.Hallgr\u00edmsson.pdf\">N\u00ddTTn\u00f3tur <\/a><\/td><td class=\"column-4\">\u00edslenskt \u00fej\u00f3\u00f0lag<\/td>\n<\/tr>\n<tr class=\"row-9\">\n\t<td class=\"column-1\">Heilr\u00e6\u00f0av\u00edsa<\/td><td class=\"column-2\">J\u00f3n Nordal<\/td><td class=\"column-3\"><a href=\"wp-content\/uploads\/1 Notur\/Heilr\u00e6\u00f0av\u00edsa - \u00fej\u00f3\u00f0v\u00edsa - J.Nordal.pdf\">n\u00f3tur<\/a>  <a href=\"wp-content\/uploads\/1 Notur\/Heilr\u00e6\u00f0av\u00edsa - texti.pdf\">texti<\/a><\/td><td class=\"column-4\">\u00edslensk \u00fej\u00f3\u00f0v\u00edsa<\/td>\n<\/tr>\n<tr class=\"row-10\">\n\t<td class=\"column-1\">Heyr, himna smi\u00f0ur<\/td><td class=\"column-2\">\u00deorkell Sigurbj\u00f6rnsson<\/td><td class=\"column-3\"><a href=\"wp-content\/uploads\/1 Notur\/Heyr, himna smi\u00f0ur - \u00de.Sigurbj\u00f6rnsson.pdf\">n\u00f3tur<\/a>  <a href=\"wp-content\/uploads\/1 Notur\/Heyr, himna smi\u00f0ur - texti.pdf\">texti<\/a><\/td><td class=\"column-4\"><\/td>\n<\/tr>\n<tr class=\"row-11\">\n\t<td class=\"column-1\">Hj\u00e1 lygnri m\u00f3\u00f0u<\/td><td class=\"column-2\">J\u00f3n \u00c1sgeirsson<\/td><td class=\"column-3\"><a href=\"http:\/\/selkorinn.is\/wp-content\/uploads\/1 Notur\/Hj\u00e1 lygnri m\u00f3\u00f0u - satb - J.\u00c1sgeirsson.pdf\">N\u00f3tur<\/a><\/td><td class=\"column-4\">\u00edslenskt<\/td>\n<\/tr>\n<tr class=\"row-12\">\n\t<td class=\"column-1\">Hver \u00e1 s\u00e9r fegra f\u00f6\u00f0urland <\/td><td class=\"column-2\">Emil Thoroddsen<\/td><td class=\"column-3\"><a href=\"wp-content\/uploads\/1 Notur\/Hver \u00e1 s\u00e9r fegra f\u00f6\u00f0urland - E.Thoroddsen.pdf\">n\u00f3tur<\/a>   <a href=\"wp-content\/uploads\/1 Notur\/Hver \u00e1 s\u00e9r fegra f\u00f6\u00f0urland - texti.pdf\">texti<\/a><\/td><td class=\"column-4\"><\/td>\n<\/tr>\n<tr class=\"row-13\">\n\t<td class=\"column-1\">Hvert \u00f6rstutt spor<\/td><td class=\"column-2\">J\u00f3n Nordal<\/td><td class=\"column-3\"><a href=\"wp-content\/uploads\/1 Notur\/Hvert \u00f6rstutt spor - J.Nordal.pdf\">n\u00f3tur<\/a><\/td><td class=\"column-4\">\u00edslenskt<\/td>\n<\/tr>\n<tr class=\"row-14\">\n\t<td class=\"column-1\">\u00cdsland \u00f6grum skori\u00f0<\/td><td class=\"column-2\">Sigvaldi Kaldal\u00f3ns<\/td><td class=\"column-3\"><a href=\"wp-content\/uploads\/1 Notur\/\u00cdsland \u00f6grum skori\u00f0 - S.Kaldal\u00f3ns.pdf\">n\u00f3tur<\/a><\/td><td class=\"column-4\">\u00edslenskt<\/td>\n<\/tr>\n<tr class=\"row-15\">\n\t<td class=\"column-1\">Kalliolle kukkulalle<\/td><td class=\"column-2\">K. Cyenius<\/td><td class=\"column-3\"><a href=\"wp-content\/uploads\/1 Notur\/Kalliolle kukkulalle - K.Cyenius.pdf\">n\u00f3tur<\/a><\/td><td class=\"column-4\"><\/td>\n<\/tr>\n<tr class=\"row-16\">\n\t<td class=\"column-1\">Krummav\u00edsa<\/td><td class=\"column-2\">\u00fats. J\u00f3n \u00c1sgeirsson<\/td><td class=\"column-3\"><a href=\"wp-content\/uploads\/1 Notur\/Krummav\u00edsa - \u00edsl. \u00fej\u00f3\u00f0lag - \u00fats. J.\u00c1sgeirsson.pdf\">N\u00ddTTn\u00f3tur <\/a><\/td><td class=\"column-4\">\u00edslenskt \u00fej\u00f3\u00f0lag<\/td>\n<\/tr>\n<tr class=\"row-17\">\n\t<td class=\"column-1\">Land m\u00edns f\u00f6\u00f0ur <\/td><td class=\"column-2\">\u00de\u00f3rarinn Gu\u00f0mundsson<\/td><td class=\"column-3\"><a href=\"wp-content\/uploads\/1 Notur\/Land m\u00edns f\u00f6\u00f0ur - \u00de.Gu\u00f0mundsson.pdf\">n\u00f3tur<\/a>   <a href=\"wp-content\/uploads\/1 Notur\/Land m\u00edns f\u00f6\u00f0ur - texti.pdf\">texti<\/a><\/td><td class=\"column-4\"><\/td>\n<\/tr>\n<tr class=\"row-18\">\n\t<td class=\"column-1\">Litla kv\u00e6\u00f0i\u00f0 um l\u00edtlu hj\u00f3nin<\/td><td class=\"column-2\">P\u00e1ll \u00cds\u00f3lfsson<\/td><td class=\"column-3\"><a href=\"wp-content\/uploads\/1 Notur\/Litla kv\u00e6\u00f0i\u00f0 um l\u00edtil hj\u00f3n - P.\u00cds\u00f3lfsson - SIB.pdf\">n\u00f3tur<\/a><\/td><td class=\"column-4\">\u00edslenskt<\/td>\n<\/tr>\n<tr class=\"row-19\">\n\t<td class=\"column-1\">Litla St\u00edna<\/td><td class=\"column-2\"> C.P.Wallin<\/td><td class=\"column-3\"><a href=\"wp-content\/uploads\/1 Notur\/Litla St\u00edna - C.P.Wallin.pdf\">N\u00f3tur<\/a><br \/>\n<\/td><td class=\"column-4\"><\/td>\n<\/tr>\n<tr class=\"row-20\">\n\t<td class=\"column-1\">Locus iste<\/td><td class=\"column-2\">Anton Bruckner<\/td><td class=\"column-3\"><a href=\"wp-content\/uploads\/1 Notur\/Locus iste - Bruckner.pdf\">n\u00f3tur<\/a>   <a href=\"http:\/\/selkorinn.is\/wp-content\/uploads\/1 Notur\/Locus iste - texti.pdf\">texti<\/a><\/td><td class=\"column-4\">austur\u00edskt, lat\u00edna, s\u00e1lmur<\/td>\n<\/tr>\n<tr class=\"row-21\">\n\t<td class=\"column-1\">May the road rise <\/td><td class=\"column-2\">\u00fats. D. Hamilton<\/td><td class=\"column-3\"><a href=\"wp-content\/uploads\/1 Notur\/May the Road Rise to Meet You - \u00edrskt \u00fej\u00f3\u00f0lag - \u00fats. D.Hamilton.pdf\">n\u00f3tur<\/a>  <a href=\"wp-content\/uploads\/1 Notur\/May the Road Rise - texti.pdf\">texti<\/a><\/td><td class=\"column-4\">\u00edrskt \u00fej\u00f3\u00f0lag<\/td>\n<\/tr>\n<tr class=\"row-22\">\n\t<td class=\"column-1\">N\u00fa vil \u00e9g enn \u00ed nafni \u00fe\u00ednu<\/td><td class=\"column-2\">\u00fats. Hafli\u00f0i Hallgr\u00edmsson<\/td><td class=\"column-3\"><a href=\"wp-content\/uploads\/1 Notur\/N\u00fa vil \u00e9g enn \u00ed nafni \u00fe\u00ednu - \u00edsl. \u00fej\u00f3\u00f0lag - \u00fats. H.Hallgr\u00edmsson.pdf\">n\u00f3tur<\/a>  <a href=\"wp-content\/uploads\/1 Notur\/N\u00fa vil \u00e9g enn \u00ed nafni \u00fe\u00ednu - texti.pdf\">texti<\/a><\/td><td class=\"column-4\">\u00edslenskt \u00fej\u00f3\u00f0lag<\/td>\n<\/tr>\n<tr class=\"row-23\">\n\t<td class=\"column-1\">\u00d3 blessu\u00f0 vertu sumars\u00f3l<\/td><td class=\"column-2\">Ingi T. L\u00e1russon<\/td><td class=\"column-3\"><a href=\"wp-content\/uploads\/1 Notur\/\u00d3 blessu\u00f0 vertu sumars\u00f3l - I.T.L\u00e1russon.pdf\">n\u00f3tur<\/a><\/td><td class=\"column-4\">\u00edslenskt<\/td>\n<\/tr>\n<tr class=\"row-24\">\n\t<td class=\"column-1\">\u00d3 undur l\u00edfs<\/td><td class=\"column-2\"> Jakob Hallgr\u00edmsson <\/td><td class=\"column-3\"><a href=\"wp-content\/uploads\/1 Notur\/\u00d3 undur l\u00edfs - J.Hallgr\u00edmsson - SIB.pdf\">n\u00f3tur<\/a><\/td><td class=\"column-4\">\u00edslenskt<\/td>\n<\/tr>\n<tr class=\"row-25\">\n\t<td class=\"column-1\">Sm\u00e1vinir fagrir<\/td><td class=\"column-2\">J\u00f3n Nordal<\/td><td class=\"column-3\"><a href=\"wp-content\/uploads\/1 Notur\/Sm\u00e1vinir fagrir - J.Nordal.pdf\">n\u00f3tur<\/a>  <a href=\"wp-content\/uploads\/1 Notur\/Sm\u00e1vinir fagrir - texti.pdf\">texti<\/a><\/td><td class=\"column-4\">\u00edslenskt<\/td>\n<\/tr>\n<tr class=\"row-26\">\n\t<td class=\"column-1\">Sof \u00fe\u00fa bl\u00ed\u00f0ust barnkind m\u00edn<\/td><td class=\"column-2\">\u00fats. Hafli\u00f0i Hallgr\u00edmsson<\/td><td class=\"column-3\"><a href=\"wp-content\/uploads\/1 Notur\/Sof \u00fe\u00fa bl\u00ed\u00f0ust barnkind m\u00edn - \u00edslenskt \u00fej\u00f3\u00f0lag - \u00fats. H.Hallgr\u00edmsson.pdf\">n\u00f3tur<\/a><\/td><td class=\"column-4\">\u00edslenskt \u00fej\u00f3\u00f0lag<\/td>\n<\/tr>\n<tr class=\"row-27\">\n\t<td class=\"column-1\">Sof\u00f0u unga \u00e1stin m\u00edn<\/td><td class=\"column-2\">J\u00f3n \u00c1sgeirsson<\/td><td class=\"column-3\"><a href=\"wp-content\/uploads\/1 Notur\/Sof\u00f0u unga \u00e1stin m\u00edn - \u00edslenskt \u00fej\u00f3\u00f0lag - J.\u00c1sgeirsson.pdf\">n\u00f3tur<\/a>   <a href=\"wp-content\/uploads\/1 Notur\/Sof\u00f0u unga \u00e1stin m\u00edn - texti.pdf\">texti<\/a><\/td><td class=\"column-4\">\u00edslenskt<\/td>\n<\/tr>\n<tr class=\"row-28\">\n\t<td class=\"column-1\">St\u00f3\u00f0um tv\u00f6 \u00ed t\u00fani<\/td><td class=\"column-2\">\u00fats. Hj\u00e1lmar H. Ragnarsson<\/td><td class=\"column-3\"><a href=\"wp-content\/uploads\/1 Notur\/St\u00f3\u00f0um tv\u00f6 \u00ed t\u00fani - \u00edsl. \u00fej\u00f3\u00f0lag - \u00fats. H.H.Ragnarsson.pdf\">n\u00f3tur<\/a>   <a href=\"wp-content\/uploads\/1 Notur\/St\u00f3\u00f0um tv\u00f6 \u00ed t\u00fani - texti.pdf\">texti<\/a><\/td><td class=\"column-4\">\u00edslenskt \u00fej\u00f3\u00f0lag<\/td>\n<\/tr>\n<tr class=\"row-29\">\n\t<td class=\"column-1\">T\u00edminn l\u00ed\u00f0ur tr\u00fa\u00f0u m\u00e9r<\/td><td class=\"column-2\">\u00fats. \u00c1rni Har\u00f0arson<\/td><td class=\"column-3\"><a href=\"wp-content\/uploads\/1 Notur\/T\u00edminn l\u00ed\u00f0ur, tr\u00fa\u00f0u m\u00e9r - \u00edsl. \u00fej\u00f3\u00f0lag - \u00fats. \u00c1.Har\u00f0arson.pdf\">n\u00f3tur<\/a><\/td><td class=\"column-4\">\u00edslenskt \u00fej\u00f3\u00f0lag<\/td>\n<\/tr>\n<tr class=\"row-30\">\n\t<td class=\"column-1\">V\u00edn borg minna drauma<\/td><td class=\"column-2\">Rudolf Sieczynski, \u00fe\u00fd\u00f0ing H\u00f6skuldur \u00der\u00e1insson<\/td><td class=\"column-3\"><a href=\"wp-content\/uploads\/1 Notur\/V\u00edn borg minna drauma - R.Sieczynski.pdf\">n\u00f3tur<\/a>  <a href=\"wp-content\/uploads\/1 Notur\/V\u00edn borg minna drauma - texti.pdf\">texti<\/a><br \/>\n<\/td><td class=\"column-4\">austur\u00edskt<\/td>\n<\/tr>\n<tr class=\"row-31\">\n\t<td class=\"column-1\">V\u00edsur Vatnsenda R\u00f3su<\/td><td class=\"column-2\">\u00fats. J\u00f3n \u00c1sgeirsson<\/td><td class=\"column-3\"><a href=\"wp-content\/uploads\/1 Notur\/V\u00edsur Vatnsenda R\u00f3su - \u00edslenskt \u00fej\u00f3\u00f0lag - \u00fats. J.\u00c1sgeirsson.pdf\">n\u00f3tur<\/a>   <a href=\"wp-content\/uploads\/1 Notur\/V\u00edsur Vatnsenda R\u00f3su - texti.pdf\">texti<\/a><\/td><td class=\"column-4\">\u00edslenskt \u00fej\u00f3\u00f0lag<\/td>\n<\/tr>\n<tr class=\"row-32\">\n\t<td class=\"column-1\">V\u00f6gguv\u00edsur \/Besta g\u00f3\u00f0a barni\u00f0 mitt<\/td><td class=\"column-2\">\u00fats. J\u00f3n \u00c1sgeirsson<\/td><td class=\"column-3\"><a href=\"wp-content\/uploads\/1 Notur\/V\u00f6gguv\u00edsur Besta g\u00f3\u00f0a barni\u00f0 - \u00edslenskt \u00fej\u00f3\u00f0lag - \u00fats. J.\u00c1sgeirsson.pdf\">n\u00f3tur<\/a><\/td><td class=\"column-4\">\u00edslenskt \u00fej\u00f3\u00f0lag<br \/>\n<\/td>\n<\/tr>\n<tr class=\"row-33\">\n\t<td class=\"column-1\">What a wonderful world<\/td><td class=\"column-2\">G.D.Weiss &amp; B.Thiele<\/td><td class=\"column-3\"><a href=\"wp-content\/uploads\/1 Notur\/What A Wonderful World - G.D.Weiss &amp; B.Thiele.pdf\">n\u00f3tur<\/a><\/td><td class=\"column-4\">bandar\u00edskt<\/td>\n<\/tr>\n<\/tbody>\n<\/table>\n<!-- #tablepress-18 from cache -->\n","protected":false},"excerpt":{"rendered":"<p>\u00c1 \u00feessa s\u00ed\u00f0u hefur veri\u00f0 safna\u00f0 nokkrum k\u00f3rl\u00f6gum sem k\u00f3rf\u00e9lagar kunna utana\u00f0 og geta gripi\u00f0 til \u00e1n fyrirvara (H\u00e9r mun koma pdf \u00fatg\u00e1fa. Hefti me\u00f0 n\u00f3tum.) (H\u00e9r mun koma pdf \u00fatg\u00e1fa. Hefti sem inniheldur einungis textana.)<\/p>\n","protected":false},"author":53,"featured_media":0,"parent":7641,"menu_order":1,"comment_status":"closed","ping_status":"closed","template":"page-templates\/real-full-width.php","meta":{"footnotes":""},"class_list":["post-8777","page","type-page","status-publish","hentry"],"_links":{"self":[{"href":"https:\/\/selkorinn.is\/index.php?rest_route=\/wp\/v2\/pages\/8777","targetHints":{"allow":["GET"]}}],"collection":[{"href":"https:\/\/selkorinn.is\/index.php?rest_route=\/wp\/v2\/pages"}],"about":[{"href":"https:\/\/selkorinn.is\/index.php?rest_route=\/wp\/v2\/types\/page"}],"author":[{"embeddable":true,"href":"https:\/\/selkorinn.is\/index.php?rest_route=\/wp\/v2\/users\/53"}],"replies":[{"embeddable":true,"href":"https:\/\/selkorinn.is\/index.php?rest_route=%2Fwp%2Fv2%2Fcomments&post=8777"}],"version-history":[{"count":12,"href":"https:\/\/selkorinn.is\/index.php?rest_route=\/wp\/v2\/pages\/8777\/revisions"}],"predecessor-version":[{"id":8908,"href":"https:\/\/selkorinn.is\/index.php?rest_route=\/wp\/v2\/pages\/8777\/revisions\/8908"}],"up":[{"embeddable":true,"href":"https:\/\/selkorinn.is\/index.php?rest_route=\/wp\/v2\/pages\/7641"}],"wp:attachment":[{"href":"https:\/\/selkorinn.is\/index.php?rest_route=%2Fwp%2Fv2%2Fmedia&parent=8777"}],"curies":[{"name":"wp","href":"https:\/\/api.w.org\/{rel}","templated":true}]}}