{"id":9008,"date":"2023-06-05T14:17:19","date_gmt":"2023-06-05T14:17:19","guid":{"rendered":"https:\/\/selkorinn.is\/?page_id=9008"},"modified":"2023-06-06T09:57:49","modified_gmt":"2023-06-06T09:57:49","slug":"ymis-skjol","status":"publish","type":"page","link":"https:\/\/selkorinn.is\/?page_id=9008","title":{"rendered":"Ey\u00f0ubl\u00f6\u00f0 Skattsins og \u00cdslandsbanka"},"content":{"rendered":"<div class=\"members-access-error\">\u00deessi s\u00ed\u00f0a er einungis opin k\u00f3rf\u00e9l\u00f6gum.<\/div>\n","protected":false},"excerpt":{"rendered":"<div class=\"members-access-error\">\u00deessi s\u00ed\u00f0a er einungis opin k\u00f3rf\u00e9l\u00f6gum.<\/div>\n","protected":false},"author":53,"featured_media":0,"parent":8515,"menu_order":0,"comment_status":"closed","ping_status":"closed","template":"page-templates\/real-full-width.php","meta":{"footnotes":""},"class_list":["post-9008","page","type-page","status-publish","hentry"],"_links":{"self":[{"href":"https:\/\/selkorinn.is\/index.php?rest_route=\/wp\/v2\/pages\/9008","targetHints":{"allow":["GET"]}}],"collection":[{"href":"https:\/\/selkorinn.is\/index.php?rest_route=\/wp\/v2\/pages"}],"about":[{"href":"https:\/\/selkorinn.is\/index.php?rest_route=\/wp\/v2\/types\/page"}],"author":[{"embeddable":true,"href":"https:\/\/selkorinn.is\/index.php?rest_route=\/wp\/v2\/users\/53"}],"replies":[{"embeddable":true,"href":"https:\/\/selkorinn.is\/index.php?rest_route=%2Fwp%2Fv2%2Fcomments&post=9008"}],"version-history":[{"count":7,"href":"https:\/\/selkorinn.is\/index.php?rest_route=\/wp\/v2\/pages\/9008\/revisions"}],"predecessor-version":[{"id":9079,"href":"https:\/\/selkorinn.is\/index.php?rest_route=\/wp\/v2\/pages\/9008\/revisions\/9079"}],"up":[{"embeddable":true,"href":"https:\/\/selkorinn.is\/index.php?rest_route=\/wp\/v2\/pages\/8515"}],"wp:attachment":[{"href":"https:\/\/selkorinn.is\/index.php?rest_route=%2Fwp%2Fv2%2Fmedia&parent=9008"}],"curies":[{"name":"wp","href":"https:\/\/api.w.org\/{rel}","templated":true}]}}