{"id":9037,"date":"2023-06-05T16:41:11","date_gmt":"2023-06-05T16:41:11","guid":{"rendered":"https:\/\/selkorinn.is\/?page_id=9037"},"modified":"2023-06-05T16:41:51","modified_gmt":"2023-06-05T16:41:51","slug":"adalfundir","status":"publish","type":"page","link":"https:\/\/selkorinn.is\/?page_id=9037","title":{"rendered":"A\u00f0alfundir"},"content":{"rendered":"<div class=\"members-access-error\">\u00deessi s\u00ed\u00f0a er einungis opin k\u00f3rf\u00e9l\u00f6gum.<\/div>\n","protected":false},"excerpt":{"rendered":"<div class=\"members-access-error\">\u00deessi s\u00ed\u00f0a er einungis opin k\u00f3rf\u00e9l\u00f6gum.<\/div>\n","protected":false},"author":53,"featured_media":0,"parent":8515,"menu_order":1,"comment_status":"closed","ping_status":"closed","template":"","meta":{"footnotes":""},"class_list":["post-9037","page","type-page","status-publish","hentry"],"_links":{"self":[{"href":"https:\/\/selkorinn.is\/index.php?rest_route=\/wp\/v2\/pages\/9037","targetHints":{"allow":["GET"]}}],"collection":[{"href":"https:\/\/selkorinn.is\/index.php?rest_route=\/wp\/v2\/pages"}],"about":[{"href":"https:\/\/selkorinn.is\/index.php?rest_route=\/wp\/v2\/types\/page"}],"author":[{"embeddable":true,"href":"https:\/\/selkorinn.is\/index.php?rest_route=\/wp\/v2\/users\/53"}],"replies":[{"embeddable":true,"href":"https:\/\/selkorinn.is\/index.php?rest_route=%2Fwp%2Fv2%2Fcomments&post=9037"}],"version-history":[{"count":2,"href":"https:\/\/selkorinn.is\/index.php?rest_route=\/wp\/v2\/pages\/9037\/revisions"}],"predecessor-version":[{"id":9040,"href":"https:\/\/selkorinn.is\/index.php?rest_route=\/wp\/v2\/pages\/9037\/revisions\/9040"}],"up":[{"embeddable":true,"href":"https:\/\/selkorinn.is\/index.php?rest_route=\/wp\/v2\/pages\/8515"}],"wp:attachment":[{"href":"https:\/\/selkorinn.is\/index.php?rest_route=%2Fwp%2Fv2%2Fmedia&parent=9037"}],"curies":[{"name":"wp","href":"https:\/\/api.w.org\/{rel}","templated":true}]}}