{"id":9044,"date":"2023-06-05T17:06:53","date_gmt":"2023-06-05T17:06:53","guid":{"rendered":"https:\/\/selkorinn.is\/?page_id=9044"},"modified":"2024-04-29T21:01:14","modified_gmt":"2024-04-29T21:01:14","slug":"styrkir-og-styrkumsoknir","status":"publish","type":"page","link":"https:\/\/selkorinn.is\/?page_id=9044","title":{"rendered":"Styrkir og styrkums\u00f3knir"},"content":{"rendered":"<div class=\"members-access-error\">\u00deessi s\u00ed\u00f0a er einungis opin k\u00f3rf\u00e9l\u00f6gum.<\/div>\n","protected":false},"excerpt":{"rendered":"<div class=\"members-access-error\">\u00deessi s\u00ed\u00f0a er einungis opin k\u00f3rf\u00e9l\u00f6gum.<\/div>\n","protected":false},"author":53,"featured_media":0,"parent":8515,"menu_order":2,"comment_status":"closed","ping_status":"closed","template":"","meta":{"footnotes":""},"class_list":["post-9044","page","type-page","status-publish","hentry"],"_links":{"self":[{"href":"https:\/\/selkorinn.is\/index.php?rest_route=\/wp\/v2\/pages\/9044","targetHints":{"allow":["GET"]}}],"collection":[{"href":"https:\/\/selkorinn.is\/index.php?rest_route=\/wp\/v2\/pages"}],"about":[{"href":"https:\/\/selkorinn.is\/index.php?rest_route=\/wp\/v2\/types\/page"}],"author":[{"embeddable":true,"href":"https:\/\/selkorinn.is\/index.php?rest_route=\/wp\/v2\/users\/53"}],"replies":[{"embeddable":true,"href":"https:\/\/selkorinn.is\/index.php?rest_route=%2Fwp%2Fv2%2Fcomments&post=9044"}],"version-history":[{"count":17,"href":"https:\/\/selkorinn.is\/index.php?rest_route=\/wp\/v2\/pages\/9044\/revisions"}],"predecessor-version":[{"id":9365,"href":"https:\/\/selkorinn.is\/index.php?rest_route=\/wp\/v2\/pages\/9044\/revisions\/9365"}],"up":[{"embeddable":true,"href":"https:\/\/selkorinn.is\/index.php?rest_route=\/wp\/v2\/pages\/8515"}],"wp:attachment":[{"href":"https:\/\/selkorinn.is\/index.php?rest_route=%2Fwp%2Fv2%2Fmedia&parent=9044"}],"curies":[{"name":"wp","href":"https:\/\/api.w.org\/{rel}","templated":true}]}}